{"id":3738,"date":"2015-03-03T17:16:57","date_gmt":"2015-03-03T17:16:57","guid":{"rendered":"https:\/\/nogawlape.org\/?page_id=3738"},"modified":"2015-03-03T17:16:57","modified_gmt":"2015-03-03T17:16:57","slug":"czipowanie-2","status":"publish","type":"page","link":"https:\/\/nogawlape.org\/?page_id=3738","title":{"rendered":"Czipowanie"},"content":{"rendered":"<p><strong>Coraz wi\u0119cej s\u0142yszymy o czipowaniu zwierz\u0105t. A co to w\u0142a\u015bciwie jest i dlaczego warto zaczipowa\u0107 pupila?<\/strong><\/p>\n<p>Wielu w\u0142a\u015bcicieli zwierz\u0105t prze\u017cy\u0142o stresuj\u0105cy moment zagini\u0119cia  swojego pupila. Niestety nie wszystkie zwierz\u0119ta udaje si\u0119 odnale\u017a\u0107, nie  wszystkie te\u017c samodzielnie odnajduj\u0105 drog\u0119 do domu. By\u0107 mo\u017ce ta  sytuacja, nierzadko traumatyczna, dotkn\u0119\u0142a r\u00f3wnie\u017c Pa\u0144stwa. Mo\u017cna jej  zapobiec poprzez elektroniczne czipowanie zwierz\u0105t, co znacznie zwi\u0119ksza  ich bezpiecze\u0144stwo i szans\u0119 na ich szybkie zlokalizowanie w przypadku  zagini\u0119cia.<\/p>\n<p>Elektroniczne znakowanie zwierz\u0105t polega na wprowadzeniu przez  lekarza weterynarii pod sk\u00f3r\u0119 psa lub kota specjalnego mikroczipu.  Czipowanie jest zabiegiem bezbolesnym dla zwierz\u0119cia.<\/p>\n<p><strong>Mikrochip<\/strong> jest miniaturowym nadajnikiem, kt\u00f3ry posiada sw\u00f3j  unikalny pi\u0119tnastocyfrowy numer. Ten numer wraz z naszym adresem i  numerem telefonu MUSIMY zarejestrowa\u0107 w bazie danych. Najwi\u0119ksza tak\u0105  baz\u0105 jest safe-animal.<\/p>\n<p><strong>PAMI\u0118TAJ CHIP BEZ REJESTRACJI NIE MA SENSU! <\/strong>Zawsze pytaj  lekarza weterynarii czy rejestruje zwierz\u0119 w bazie danych, a najlepiej  mimo informacji sprawd\u017a sam! Wystarczy wej\u015b\u0107 na stron\u0119 <a href=\"http:\/\/www.safe-animal.eu\">www.safe-animal.eu<\/a>,  w zak\u0142adce \u201eszukaj\u201d wpisa\u0107 numer czipu naszego czworonoga. Je\u015bli pojawi  si\u0119 informacja \u201enie znaleziono\u201d, oznacza to, \u017ce czip nie jest  zarejestrowany w bazie.<\/p>\n<p>SAFE-ANIMAL \u00a0bezpo\u015brednio wsp\u00f3\u0142pracuje z najwi\u0119kszymi Polskimi  miastami. Obecnie m.in. mieszka\u0144cy Warszawy maj\u0105 mo\u017cliwo\u015b\u0107 czipowania za  darmo!<\/p>\n<p><strong>Jak dzia\u0142a baza safe-animal?<\/strong><\/p>\n<p>Je\u015bli kto\u015b znajdzie Twojego psa i sprawdzi czy jest zaczipowany,  Twoje dane zostan\u0105 odnalezione w bazie i pracownicy safe-animal  zadzwoni\u0105 do Ciebie z informacj\u0105, \u017ce pupil si\u0119 odnalaz\u0142!<\/p>\n<p><strong>Co zrobi\u0107 gdy Ty znajdziesz psa lub kota?<\/strong><\/p>\n<p>Id\u017a do lecznicy lub wezwij stra\u017c miejsk\u0105 i sprawd\u017a czy jest  zaczipowany! \u00a0W ten prosty spos\u00f3b mo\u017ce oszcz\u0119dzisz zwierz\u0119ciu trafienia  do schroniska.<\/p>\n<p><strong>Co zrobi\u0107 gdy moje dane si\u0119 zmieniaj\u0105?<\/strong><\/p>\n<p>Nale\u017cy zadzwoni\u0107 do ca\u0142odobowego pogotowia safe- animal i  poinformowa\u0107 ich o tym. Pami\u0119taj! Aktualne dane mog\u0105 uchroni\u0107 Twoje  zwierz\u0119!<\/p>\n<p>Opr\u00f3cz zaczipowania pupila, zaopatrz si\u0119 w adresatk\u0119, kt\u00f3r\u0105  przyczepisz do obro\u017cy. Zwyk\u0142\u0105 plastikow\u0105, metalow\u0105 czy zawieszk\u0119. Wtedy  zwierzak ma jeszcze wi\u0119ksze szanse na powr\u00f3t do domu!<\/p>\n<p><a href=\"http:\/\/www.safe-animal.eu\"><a href=\"https:\/\/nogawlape.org\/?page_id=3738\"><img loading=\"lazy\" decoding=\"async\" class=\"aligncenter size-full wp-image-3739\" title=\"safe animal\" src=\"https:\/\/nogawlape.org\/wp-content\/uploads\/2015\/03\/safe1.jpg\" alt=\"\" width=\"229\" height=\"203\" \/><\/a><\/a><\/p>\n","protected":false},"excerpt":{"rendered":"<p>Coraz wi\u0119cej s\u0142yszymy o czipowaniu zwierz\u0105t. A co to w\u0142a\u015bciwie jest i dlaczego warto zaczipowa\u0107 pupila? Wielu w\u0142a\u015bcicieli zwierz\u0105t prze\u017cy\u0142o stresuj\u0105cy moment zagini\u0119cia swojego pupila. Niestety nie wszystkie zwierz\u0119ta udaje si\u0119 odnale\u017a\u0107, nie wszystkie te\u017c samodzielnie odnajduj\u0105 drog\u0119 do domu. By\u0107 mo\u017ce ta sytuacja, nierzadko traumatyczna, dotkn\u0119\u0142a r\u00f3wnie\u017c Pa\u0144stwa. Mo\u017cna jej zapobiec poprzez elektroniczne czipowanie [&hellip;]<\/p>\n","protected":false},"author":2,"featured_media":0,"parent":59,"menu_order":0,"comment_status":"closed","ping_status":"closed","template":"","meta":{"footnotes":""},"_links":{"self":[{"href":"https:\/\/nogawlape.org\/index.php?rest_route=\/wp\/v2\/pages\/3738"}],"collection":[{"href":"https:\/\/nogawlape.org\/index.php?rest_route=\/wp\/v2\/pages"}],"about":[{"href":"https:\/\/nogawlape.org\/index.php?rest_route=\/wp\/v2\/types\/page"}],"author":[{"embeddable":true,"href":"https:\/\/nogawlape.org\/index.php?rest_route=\/wp\/v2\/users\/2"}],"replies":[{"embeddable":true,"href":"https:\/\/nogawlape.org\/index.php?rest_route=%2Fwp%2Fv2%2Fcomments&post=3738"}],"version-history":[{"count":2,"href":"https:\/\/nogawlape.org\/index.php?rest_route=\/wp\/v2\/pages\/3738\/revisions"}],"predecessor-version":[{"id":3741,"href":"https:\/\/nogawlape.org\/index.php?rest_route=\/wp\/v2\/pages\/3738\/revisions\/3741"}],"up":[{"embeddable":true,"href":"https:\/\/nogawlape.org\/index.php?rest_route=\/wp\/v2\/pages\/59"}],"wp:attachment":[{"href":"https:\/\/nogawlape.org\/index.php?rest_route=%2Fwp%2Fv2%2Fmedia&parent=3738"}],"curies":[{"name":"wp","href":"https:\/\/api.w.org\/{rel}","templated":true}]}}