{"id":460,"date":"2010-03-21T20:52:07","date_gmt":"2010-03-21T20:52:07","guid":{"rendered":"https:\/\/nogawlape.org\/?page_id=460"},"modified":"2010-03-21T20:52:07","modified_gmt":"2010-03-21T20:52:07","slug":"ptasi-problem","status":"publish","type":"page","link":"https:\/\/nogawlape.org\/?page_id=460","title":{"rendered":"Ptasi problem"},"content":{"rendered":"<p><strong>Gdzie w naszych budynkach mieszkaj\u0105 ptaki?<\/strong><\/p>\n<p>W miejskich blokowiskach najcz\u0119\u015bciej wyst\u0119puj\u0105 go\u0142\u0119bie, wr\u00f3ble, kawki, szpaki, jerzyki i jask\u00f3\u0142ki okn\u00f3wki, rzadziej jeszcze kilkana\u015bcie innych gatunk\u00f3w. Pierwotnie zamieszkiwa\u0142y dziuple drzew i\u00a0 skalne nisze, ale w krajobrazie zmienionym przez cz\u0142owieka nauczy\u0142y si\u0119 wykorzystywa\u0107 \u201ekwatery zast\u0119pcze\u201d w budynkach. <strong><\/strong><\/p>\n<p>Zak\u0142adaj\u0105\u00a0gniazda na strychach, w loggiach, szczelinach za rynnami i w murze elewacji, w niszach okien i pod balkonami. Ulubionym i jednym z najcz\u0119\u015bciej zajmowanych miejsc s\u0105 stropodachy, czyli niskie, puste przestrzenie mi\u0119dzy dachem a stropem najwy\u017cszej kondygnacji, zwykle oddzielone od u\u017cytkowanej cz\u0119\u015bci budynku i niedost\u0119pne dla ludzi.\u00a0<\/p>\n<p><strong>Dlaczego ptasi s\u0105siedzi s\u0105 dla nas wa\u017cni?<\/strong><\/p>\n<p>S\u0105siedztwo ptak\u00f3w jest dla nas wa\u017cne. S\u0105\u00a0cz\u0119\u015bci\u0105\u00a0przyrody, naturalnym bogactwem miasta i kraju, wa\u017cnym ogniwem ekosystemu (efektywnie redukuj\u0105\u00a0 liczebno\u015b\u0107 owad\u00f3w, tak\u017ce szkodnik\u00f3w ro\u015blin). Sprawiaj\u0105,\u00a0 \u017ce nasze betonowe osiedla s\u0105 bardziej zno\u015bne do \u017cycia.\u00a0<\/p>\n<p><strong>Dlaczego ptaki s\u0105 obecnie w niebezpiecze\u0144stwie?<\/strong><\/p>\n<p>W ostatnich latach\u00a0 na skutek prowadzonych na masow\u0105\u00a0skal\u0119\u00a0remont\u00f3w i modernizacji budynk\u00f3w gwa\u0142townie ubywa dotychczasowych miejsc l\u0119gowych. Stropodachy wype\u0142niane s\u0105 toksycznymi materia\u0142ami izolacyjnymi a otwory do nich kratowane. Elewacje pokrywa si\u0119 styropianem i likwiduje wykorzystywane na gniazda szpary. Prace te najcz\u0119\u015bciej prowadzone s\u0105 wiosn\u0105 i latem, w okresie l\u0119gowym, a ich skutkiem s\u0105 ogromne straty w ptasiej populacji. Dodatkowo w obecnie powstaj\u0105cych budynkach rozwi\u0105zania technologiczne w zasadzie wykluczaj\u0105 mo\u017cliwo\u015b\u0107 za\u0142o\u017cenia gniazd. Wszystko to sprawia, \u017ce ich liczba w miastach szybko spada i cz\u0119sto s\u0105 to straty nie do odrobienia.<\/p>\n<p>Wszystkie wspomniane wy\u017cej gatunki ptak\u00f3w obj\u0119te s\u0105 ca\u0142oroczn\u0105 ochron\u0105 na podstawie ustawy o ochronie zwierz\u0105t (Dz. Ustaw z 1997r., nr 111, poz.724, ustawy o ochronie przyrody (Dz. Ustaw z 2004r., nr 92, poz. 880) i Rozporz\u0105dzenia Min. \u015arodowiska(Dz. Ustaw z 2004, nr220, poz. 2237). R\u00f3wnie\u017c przepisy o prowadzeniu prac budowlanych (Dz. Ustaw z 2001r., nr 62, poz. 627) nakazuj\u0105 dba\u0142o\u015b\u0107 o ochron\u0119 \u015brodowiska przyrodniczego.<\/p>\n<p>W rzeczywisto\u015bci regulacje prawne s\u0105 w og\u00f3le nie przestrzegane. Rusztowania oplataj\u0105ce budynki zas\u0142aniaj\u0105 i uniemo\u017cliwiaj\u0105 dost\u0119p do gniazd, obecno\u015b\u0107 robotnik\u00f3w i ha\u0142as p\u0142oszy ptaki. Gin\u0105 piskl\u0119ta i doros\u0142e, cz\u0119sto \u017cywcem zamurowywane w gniazdach zaklejanych styropianem b\u0105d\u017a zatykanych kratk\u0105. Umieraj\u0105 cicho, w strasznym cierpieniu, zupe\u0142nie bezbronne wobec ludzkiej bezduszno\u015bci.<\/p>\n<p><strong>Czy taka sytuacja mo\u017ce dzia\u0107 si\u0119 na moim osiedlu?<\/strong><\/p>\n<p>Rzadko kiedy zdarza si\u0119, by mieszka\u0144cy remontowanych budynk\u00f3w wyst\u0105pili w obronie zagro\u017conych ptak\u00f3w i l\u0119g\u00f3w. Na og\u00f3\u0142 ludzie nie zdaj\u0105 sobie sprawy z rozgrywaj\u0105cej si\u0119 obok nich tragedii. A nawet je\u015bli j\u0105 zauwa\u017c\u0105, nie wiedz\u0105, co mog\u0105 zrobi\u0107. Ot\u00f3\u017c\u00a0 ka\u017cdy, kto jest \u015bwiadkiem p\u0142oszenia ptak\u00f3w przy ich l\u0119gach, niszczenia gniazd i siedlisk podczas prac remontowych, mo\u017ce spowodowa\u0107 ich natychmiastowe wstrzymanie. W tym celu powinien zawiadomi\u0107 policj\u0119, stra\u017c miejsk\u0105 i lokalne w\u0142adze ochrony \u015brodowiska (Dzielnicowy Wydzia\u0142 Ochrony \u015arodowiska, Regionalna Dyrekcja Ochrony \u015arodowiska) oraz powiatowego inspektora nadzoru budowlanego. W naszych r\u0119kach le\u017cy los ogromnej rzeszy ptasich istnie\u0144. Pami\u0119tajmy, \u017ce ich obecno\u015b\u0107 w bliskim s\u0105siedztwie jest nam potrzebna jak ziele\u0144 i s\u0142o\u0144ce.<\/p>\n<p>Na naszej stronie znajdziesz dok\u0142adne informacje jakie zagro\u017cenia dla ptak\u00f3w stwarza ocieplanie budynk\u00f3w i porady co mo\u017cesz w takiej sytuacji zrobi\u0107. Je\u015bli potrzebujesz pomocy skontaktuj si\u0119 z nasz\u0105 Fundacj\u0105.<\/p>\n","protected":false},"excerpt":{"rendered":"<p>Gdzie w naszych budynkach mieszkaj\u0105 ptaki? W miejskich blokowiskach najcz\u0119\u015bciej wyst\u0119puj\u0105 go\u0142\u0119bie, wr\u00f3ble, kawki, szpaki, jerzyki i jask\u00f3\u0142ki okn\u00f3wki, rzadziej jeszcze kilkana\u015bcie innych gatunk\u00f3w. Pierwotnie zamieszkiwa\u0142y dziuple drzew i\u00a0 skalne nisze, ale w krajobrazie zmienionym przez cz\u0142owieka nauczy\u0142y si\u0119 wykorzystywa\u0107 \u201ekwatery zast\u0119pcze\u201d w budynkach. Zak\u0142adaj\u0105\u00a0gniazda na strychach, w loggiach, szczelinach za rynnami i w murze [&hellip;]<\/p>\n","protected":false},"author":2,"featured_media":0,"parent":52,"menu_order":0,"comment_status":"closed","ping_status":"closed","template":"","meta":{"footnotes":""},"_links":{"self":[{"href":"https:\/\/nogawlape.org\/index.php?rest_route=\/wp\/v2\/pages\/460"}],"collection":[{"href":"https:\/\/nogawlape.org\/index.php?rest_route=\/wp\/v2\/pages"}],"about":[{"href":"https:\/\/nogawlape.org\/index.php?rest_route=\/wp\/v2\/types\/page"}],"author":[{"embeddable":true,"href":"https:\/\/nogawlape.org\/index.php?rest_route=\/wp\/v2\/users\/2"}],"replies":[{"embeddable":true,"href":"https:\/\/nogawlape.org\/index.php?rest_route=%2Fwp%2Fv2%2Fcomments&post=460"}],"version-history":[{"count":1,"href":"https:\/\/nogawlape.org\/index.php?rest_route=\/wp\/v2\/pages\/460\/revisions"}],"predecessor-version":[{"id":461,"href":"https:\/\/nogawlape.org\/index.php?rest_route=\/wp\/v2\/pages\/460\/revisions\/461"}],"up":[{"embeddable":true,"href":"https:\/\/nogawlape.org\/index.php?rest_route=\/wp\/v2\/pages\/52"}],"wp:attachment":[{"href":"https:\/\/nogawlape.org\/index.php?rest_route=%2Fwp%2Fv2%2Fmedia&parent=460"}],"curies":[{"name":"wp","href":"https:\/\/api.w.org\/{rel}","templated":true}]}}